{"id":485,"date":"2023-12-26T17:27:32","date_gmt":"2023-12-26T16:27:32","guid":{"rendered":"https:\/\/presenceencorps.fr\/?page_id=485"},"modified":"2024-10-23T10:53:53","modified_gmt":"2024-10-23T08:53:53","slug":"mouvements-therapeutiques-des-fascias","status":"publish","type":"page","link":"https:\/\/presenceencorps.fr\/index.php\/mouvements-therapeutiques-des-fascias\/","title":{"rendered":"Fascia Connexion"},"content":{"rendered":"\t\t<div data-elementor-type=\"wp-page\" data-elementor-id=\"485\" class=\"elementor elementor-485\">\n\t\t\t\t\t\t\t\t\t<section class=\"elementor-section elementor-top-section elementor-element elementor-element-83c87b3 elementor-section-boxed elementor-section-height-default elementor-section-height-default\" data-id=\"83c87b3\" data-element_type=\"section\">\n\t\t\t\t\t\t<div class=\"elementor-container elementor-column-gap-default\">\n\t\t\t\t\t<div class=\"elementor-column elementor-col-100 elementor-top-column elementor-element elementor-element-1e8f4c9\" data-id=\"1e8f4c9\" data-element_type=\"column\">\n\t\t\t<div class=\"elementor-widget-wrap elementor-element-populated\">\n\t\t\t\t\t\t\t\t<div class=\"elementor-element elementor-element-d40dd97 elementor-widget__width-initial elementor-widget elementor-widget-image\" data-id=\"d40dd97\" data-element_type=\"widget\" data-widget_type=\"image.default\">\n\t\t\t\t<div class=\"elementor-widget-container\">\n\t\t\t<style>\/*! elementor - v3.18.0 - 20-12-2023 *\/\n.elementor-widget-image{text-align:center}.elementor-widget-image a{display:inline-block}.elementor-widget-image a img[src$=\".svg\"]{width:48px}.elementor-widget-image img{vertical-align:middle;display:inline-block}<\/style>\t\t\t\t\t\t\t\t\t\t\t\t<img fetchpriority=\"high\" decoding=\"async\" width=\"300\" height=\"300\" src=\"https:\/\/presenceencorps.fr\/wp-content\/uploads\/2024\/10\/462834472_1253128645713278_4478718825266911315_n-300x300.jpg\" class=\"attachment-medium size-medium wp-image-604\" alt=\"Fasciath\u00e9rapie\" srcset=\"https:\/\/presenceencorps.fr\/wp-content\/uploads\/2024\/10\/462834472_1253128645713278_4478718825266911315_n-300x300.jpg 300w, https:\/\/presenceencorps.fr\/wp-content\/uploads\/2024\/10\/462834472_1253128645713278_4478718825266911315_n-1024x1024.jpg 1024w, https:\/\/presenceencorps.fr\/wp-content\/uploads\/2024\/10\/462834472_1253128645713278_4478718825266911315_n-150x150.jpg 150w, https:\/\/presenceencorps.fr\/wp-content\/uploads\/2024\/10\/462834472_1253128645713278_4478718825266911315_n-768x768.jpg 768w, https:\/\/presenceencorps.fr\/wp-content\/uploads\/2024\/10\/462834472_1253128645713278_4478718825266911315_n-1536x1536.jpg 1536w, https:\/\/presenceencorps.fr\/wp-content\/uploads\/2024\/10\/462834472_1253128645713278_4478718825266911315_n-45x45.jpg 45w, https:\/\/presenceencorps.fr\/wp-content\/uploads\/2024\/10\/462834472_1253128645713278_4478718825266911315_n.jpg 2048w\" sizes=\"(max-width: 300px) 100vw, 300px\" \/>\t\t\t\t\t\t\t\t\t\t\t\t\t\t\t<\/div>\n\t\t\t\t<\/div>\n\t\t\t\t\t<\/div>\n\t\t<\/div>\n\t\t\t\t\t\t\t<\/div>\n\t\t<\/section>\n\t\t\t\t<section class=\"elementor-section elementor-top-section elementor-element elementor-element-56d4a92 elementor-section-boxed elementor-section-height-default elementor-section-height-default\" data-id=\"56d4a92\" data-element_type=\"section\">\n\t\t\t\t\t\t<div class=\"elementor-container elementor-column-gap-default\">\n\t\t\t\t\t<div class=\"elementor-column elementor-col-100 elementor-top-column elementor-element elementor-element-f9a2e32\" data-id=\"f9a2e32\" data-element_type=\"column\">\n\t\t\t<div class=\"elementor-widget-wrap elementor-element-populated\">\n\t\t\t\t\t\t\t\t<div class=\"elementor-element elementor-element-e2f7162 elementor-widget elementor-widget-heading\" data-id=\"e2f7162\" data-element_type=\"widget\" data-widget_type=\"heading.default\">\n\t\t\t\t<div class=\"elementor-widget-container\">\n\t\t\t<style>\/*! elementor - v3.18.0 - 20-12-2023 *\/\n.elementor-heading-title{padding:0;margin:0;line-height:1}.elementor-widget-heading .elementor-heading-title[class*=elementor-size-]>a{color:inherit;font-size:inherit;line-height:inherit}.elementor-widget-heading .elementor-heading-title.elementor-size-small{font-size:15px}.elementor-widget-heading .elementor-heading-title.elementor-size-medium{font-size:19px}.elementor-widget-heading .elementor-heading-title.elementor-size-large{font-size:29px}.elementor-widget-heading .elementor-heading-title.elementor-size-xl{font-size:39px}.elementor-widget-heading .elementor-heading-title.elementor-size-xxl{font-size:59px}<\/style><h2 class=\"elementor-heading-title elementor-size-default\">Dates des ateliers :<br><\/h2>\t\t<\/div>\n\t\t\t\t<\/div>\n\t\t\t\t\t<\/div>\n\t\t<\/div>\n\t\t\t\t\t\t\t<\/div>\n\t\t<\/section>\n\t\t\t\t<section class=\"elementor-section elementor-top-section elementor-element elementor-element-136759c elementor-section-boxed elementor-section-height-default elementor-section-height-default\" data-id=\"136759c\" data-element_type=\"section\">\n\t\t\t\t\t\t<div class=\"elementor-container elementor-column-gap-default\">\n\t\t\t\t\t<div class=\"elementor-column elementor-col-100 elementor-top-column elementor-element elementor-element-f4c912c\" data-id=\"f4c912c\" data-element_type=\"column\">\n\t\t\t<div class=\"elementor-widget-wrap elementor-element-populated\">\n\t\t\t\t\t\t\t\t<div class=\"elementor-element elementor-element-7362ee6 elementor-widget elementor-widget-text-editor\" data-id=\"7362ee6\" data-element_type=\"widget\" data-widget_type=\"text-editor.default\">\n\t\t\t\t<div class=\"elementor-widget-container\">\n\t\t\t<style>\/*! elementor - v3.18.0 - 20-12-2023 *\/\n.elementor-widget-text-editor.elementor-drop-cap-view-stacked .elementor-drop-cap{background-color:#69727d;color:#fff}.elementor-widget-text-editor.elementor-drop-cap-view-framed .elementor-drop-cap{color:#69727d;border:3px solid;background-color:transparent}.elementor-widget-text-editor:not(.elementor-drop-cap-view-default) .elementor-drop-cap{margin-top:8px}.elementor-widget-text-editor:not(.elementor-drop-cap-view-default) .elementor-drop-cap-letter{width:1em;height:1em}.elementor-widget-text-editor .elementor-drop-cap{float:left;text-align:center;line-height:1;font-size:50px}.elementor-widget-text-editor .elementor-drop-cap-letter{display:inline-block}<\/style>\t\t\t\t<h1><span style=\"text-decoration: underline;\"><em>Ann\u00e9e 2024<\/em><\/span><\/h1><h3>Jeudi 10 et 24 Octobre<\/h3><h3>Mercredi 6 et jeudi 21 Novembre<\/h3><h3>Jeudi 5 et Mercredi 18 D\u00e9cembre<\/h3><h3>Inscriptions et renseignements :<\/h3><h3>celinearandel@gmail.com<\/h3><h3>06 62 38 37 05<\/h3>\t\t\t\t\t\t<\/div>\n\t\t\t\t<\/div>\n\t\t\t\t\t<\/div>\n\t\t<\/div>\n\t\t\t\t\t\t\t<\/div>\n\t\t<\/section>\n\t\t\t\t\t\t\t<\/div>\n\t\t","protected":false},"excerpt":{"rendered":"<p>Dates des ateliers : Ann\u00e9e 2024 Jeudi 10 et 24 Octobre Mercredi 6 et jeudi 21 Novembre Jeudi 5 et Mercredi 18 D\u00e9cembre Inscriptions et renseignements : celinearandel@gmail.com 06 62 38 37 05<\/p>\n","protected":false},"author":1,"featured_media":0,"parent":0,"menu_order":0,"comment_status":"closed","ping_status":"closed","template":"","meta":{"footnotes":""},"class_list":["post-485","page","type-page","status-publish","hentry"],"yoast_head":"<!-- This site is optimized with the Yoast SEO plugin v21.7 - https:\/\/yoast.com\/wordpress\/plugins\/seo\/ -->\n<title>Fascia Connexion - C\u00e9line Arandel<\/title>\n<meta name=\"robots\" content=\"index, follow, max-snippet:-1, max-image-preview:large, max-video-preview:-1\" \/>\n<link rel=\"canonical\" href=\"https:\/\/presenceencorps.fr\/index.php\/mouvements-therapeutiques-des-fascias\/\" \/>\n<meta property=\"og:locale\" content=\"fr_FR\" \/>\n<meta property=\"og:type\" content=\"article\" \/>\n<meta property=\"og:title\" content=\"Fascia Connexion - C\u00e9line Arandel\" \/>\n<meta property=\"og:description\" content=\"Dates des ateliers : Ann\u00e9e 2024 Jeudi 10 et 24 Octobre Mercredi 6 et jeudi 21 Novembre Jeudi 5 et Mercredi 18 D\u00e9cembre Inscriptions et renseignements : celinearandel@gmail.com 06 62 38 37 05\" \/>\n<meta property=\"og:url\" content=\"https:\/\/presenceencorps.fr\/index.php\/mouvements-therapeutiques-des-fascias\/\" \/>\n<meta property=\"og:site_name\" content=\"C\u00e9line Arandel\" \/>\n<meta property=\"article:modified_time\" content=\"2024-10-23T08:53:53+00:00\" \/>\n<meta property=\"og:image\" content=\"https:\/\/presenceencorps.fr\/wp-content\/uploads\/2024\/10\/462834472_1253128645713278_4478718825266911315_n-300x300.jpg\" \/>\n<meta name=\"twitter:card\" content=\"summary_large_image\" \/>\n<meta name=\"twitter:label1\" content=\"Dur\u00e9e de lecture estim\u00e9e\" \/>\n\t<meta name=\"twitter:data1\" content=\"1 minute\" \/>\n<script type=\"application\/ld+json\" class=\"yoast-schema-graph\">{\"@context\":\"https:\/\/schema.org\",\"@graph\":[{\"@type\":\"WebPage\",\"@id\":\"https:\/\/presenceencorps.fr\/index.php\/mouvements-therapeutiques-des-fascias\/\",\"url\":\"https:\/\/presenceencorps.fr\/index.php\/mouvements-therapeutiques-des-fascias\/\",\"name\":\"Fascia Connexion - C\u00e9line Arandel\",\"isPartOf\":{\"@id\":\"https:\/\/presenceencorps.fr\/#website\"},\"datePublished\":\"2023-12-26T16:27:32+00:00\",\"dateModified\":\"2024-10-23T08:53:53+00:00\",\"breadcrumb\":{\"@id\":\"https:\/\/presenceencorps.fr\/index.php\/mouvements-therapeutiques-des-fascias\/#breadcrumb\"},\"inLanguage\":\"fr-FR\",\"potentialAction\":[{\"@type\":\"ReadAction\",\"target\":[\"https:\/\/presenceencorps.fr\/index.php\/mouvements-therapeutiques-des-fascias\/\"]}]},{\"@type\":\"BreadcrumbList\",\"@id\":\"https:\/\/presenceencorps.fr\/index.php\/mouvements-therapeutiques-des-fascias\/#breadcrumb\",\"itemListElement\":[{\"@type\":\"ListItem\",\"position\":1,\"name\":\"Accueil\",\"item\":\"https:\/\/presenceencorps.fr\/\"},{\"@type\":\"ListItem\",\"position\":2,\"name\":\"Fascia Connexion\"}]},{\"@type\":\"WebSite\",\"@id\":\"https:\/\/presenceencorps.fr\/#website\",\"url\":\"https:\/\/presenceencorps.fr\/\",\"name\":\"C\u00e9line Arandel\",\"description\":\"Fasciath\u00e9rapeute, Coaching de vie, Danse du Sensible, Accompagnement \u00e0 la f\u00e9minit\u00e9 et \u00e0 l&#039;expressivit\u00e9\",\"potentialAction\":[{\"@type\":\"SearchAction\",\"target\":{\"@type\":\"EntryPoint\",\"urlTemplate\":\"https:\/\/presenceencorps.fr\/?s={search_term_string}\"},\"query-input\":\"required name=search_term_string\"}],\"inLanguage\":\"fr-FR\"}]}<\/script>\n<!-- \/ Yoast SEO plugin. -->","yoast_head_json":{"title":"Fascia Connexion - C\u00e9line Arandel","robots":{"index":"index","follow":"follow","max-snippet":"max-snippet:-1","max-image-preview":"max-image-preview:large","max-video-preview":"max-video-preview:-1"},"canonical":"https:\/\/presenceencorps.fr\/index.php\/mouvements-therapeutiques-des-fascias\/","og_locale":"fr_FR","og_type":"article","og_title":"Fascia Connexion - C\u00e9line Arandel","og_description":"Dates des ateliers : Ann\u00e9e 2024 Jeudi 10 et 24 Octobre Mercredi 6 et jeudi 21 Novembre Jeudi 5 et Mercredi 18 D\u00e9cembre Inscriptions et renseignements : celinearandel@gmail.com 06 62 38 37 05","og_url":"https:\/\/presenceencorps.fr\/index.php\/mouvements-therapeutiques-des-fascias\/","og_site_name":"C\u00e9line Arandel","article_modified_time":"2024-10-23T08:53:53+00:00","og_image":[{"url":"https:\/\/presenceencorps.fr\/wp-content\/uploads\/2024\/10\/462834472_1253128645713278_4478718825266911315_n-300x300.jpg"}],"twitter_card":"summary_large_image","twitter_misc":{"Dur\u00e9e de lecture estim\u00e9e":"1 minute"},"schema":{"@context":"https:\/\/schema.org","@graph":[{"@type":"WebPage","@id":"https:\/\/presenceencorps.fr\/index.php\/mouvements-therapeutiques-des-fascias\/","url":"https:\/\/presenceencorps.fr\/index.php\/mouvements-therapeutiques-des-fascias\/","name":"Fascia Connexion - C\u00e9line Arandel","isPartOf":{"@id":"https:\/\/presenceencorps.fr\/#website"},"datePublished":"2023-12-26T16:27:32+00:00","dateModified":"2024-10-23T08:53:53+00:00","breadcrumb":{"@id":"https:\/\/presenceencorps.fr\/index.php\/mouvements-therapeutiques-des-fascias\/#breadcrumb"},"inLanguage":"fr-FR","potentialAction":[{"@type":"ReadAction","target":["https:\/\/presenceencorps.fr\/index.php\/mouvements-therapeutiques-des-fascias\/"]}]},{"@type":"BreadcrumbList","@id":"https:\/\/presenceencorps.fr\/index.php\/mouvements-therapeutiques-des-fascias\/#breadcrumb","itemListElement":[{"@type":"ListItem","position":1,"name":"Accueil","item":"https:\/\/presenceencorps.fr\/"},{"@type":"ListItem","position":2,"name":"Fascia Connexion"}]},{"@type":"WebSite","@id":"https:\/\/presenceencorps.fr\/#website","url":"https:\/\/presenceencorps.fr\/","name":"C\u00e9line Arandel","description":"Fasciath\u00e9rapeute, Coaching de vie, Danse du Sensible, Accompagnement \u00e0 la f\u00e9minit\u00e9 et \u00e0 l&#039;expressivit\u00e9","potentialAction":[{"@type":"SearchAction","target":{"@type":"EntryPoint","urlTemplate":"https:\/\/presenceencorps.fr\/?s={search_term_string}"},"query-input":"required name=search_term_string"}],"inLanguage":"fr-FR"}]}},"_links":{"self":[{"href":"https:\/\/presenceencorps.fr\/index.php\/wp-json\/wp\/v2\/pages\/485","targetHints":{"allow":["GET"]}}],"collection":[{"href":"https:\/\/presenceencorps.fr\/index.php\/wp-json\/wp\/v2\/pages"}],"about":[{"href":"https:\/\/presenceencorps.fr\/index.php\/wp-json\/wp\/v2\/types\/page"}],"author":[{"embeddable":true,"href":"https:\/\/presenceencorps.fr\/index.php\/wp-json\/wp\/v2\/users\/1"}],"replies":[{"embeddable":true,"href":"https:\/\/presenceencorps.fr\/index.php\/wp-json\/wp\/v2\/comments?post=485"}],"version-history":[{"count":6,"href":"https:\/\/presenceencorps.fr\/index.php\/wp-json\/wp\/v2\/pages\/485\/revisions"}],"predecessor-version":[{"id":608,"href":"https:\/\/presenceencorps.fr\/index.php\/wp-json\/wp\/v2\/pages\/485\/revisions\/608"}],"wp:attachment":[{"href":"https:\/\/presenceencorps.fr\/index.php\/wp-json\/wp\/v2\/media?parent=485"}],"curies":[{"name":"wp","href":"https:\/\/api.w.org\/{rel}","templated":true}]}}