{"id":60,"date":"2022-08-31T21:37:09","date_gmt":"2022-08-31T19:37:09","guid":{"rendered":"http:\/\/presenk.cluster031.hosting.ovh.net\/?page_id=60"},"modified":"2025-09-21T22:08:08","modified_gmt":"2025-09-21T20:08:08","slug":"mon-parcours-2","status":"publish","type":"page","link":"https:\/\/presenceencorps.fr\/index.php\/mon-parcours-2\/","title":{"rendered":"Mon parcours"},"content":{"rendered":"\t\t<div data-elementor-type=\"wp-page\" data-elementor-id=\"60\" class=\"elementor elementor-60\">\n\t\t\t\t\t\t\t\t\t<section class=\"elementor-section elementor-top-section elementor-element elementor-element-b4ae5ed elementor-section-boxed elementor-section-height-default elementor-section-height-default\" data-id=\"b4ae5ed\" data-element_type=\"section\">\n\t\t\t\t\t\t<div class=\"elementor-container elementor-column-gap-default\">\n\t\t\t\t\t<div class=\"elementor-column elementor-col-25 elementor-top-column elementor-element elementor-element-85bf94b\" data-id=\"85bf94b\" data-element_type=\"column\">\n\t\t\t<div class=\"elementor-widget-wrap\">\n\t\t\t\t\t\t\t\t\t<\/div>\n\t\t<\/div>\n\t\t\t\t<div class=\"elementor-column elementor-col-50 elementor-top-column elementor-element elementor-element-ba6c05e\" data-id=\"ba6c05e\" data-element_type=\"column\">\n\t\t\t<div class=\"elementor-widget-wrap\">\n\t\t\t\t\t\t\t\t\t<\/div>\n\t\t<\/div>\n\t\t\t\t<div class=\"elementor-column elementor-col-25 elementor-top-column elementor-element elementor-element-84a8a5e\" data-id=\"84a8a5e\" data-element_type=\"column\">\n\t\t\t<div class=\"elementor-widget-wrap\">\n\t\t\t\t\t\t\t\t\t<\/div>\n\t\t<\/div>\n\t\t\t\t\t\t\t<\/div>\n\t\t<\/section>\n\t\t\t\t<section class=\"elementor-section elementor-top-section elementor-element elementor-element-ae42d17 elementor-section-boxed elementor-section-height-default elementor-section-height-default\" data-id=\"ae42d17\" data-element_type=\"section\">\n\t\t\t\t\t\t<div class=\"elementor-container elementor-column-gap-default\">\n\t\t\t\t\t<div class=\"elementor-column elementor-col-16 elementor-top-column elementor-element elementor-element-3001512\" data-id=\"3001512\" data-element_type=\"column\">\n\t\t\t<div class=\"elementor-widget-wrap\">\n\t\t\t\t\t\t\t\t\t<\/div>\n\t\t<\/div>\n\t\t\t\t<div class=\"elementor-column elementor-col-66 elementor-top-column elementor-element elementor-element-21fc679\" data-id=\"21fc679\" data-element_type=\"column\">\n\t\t\t<div class=\"elementor-widget-wrap elementor-element-populated\">\n\t\t\t\t\t\t\t\t<div class=\"elementor-element elementor-element-6290d69 elementor-widget__width-initial elementor-widget elementor-widget-image\" data-id=\"6290d69\" data-element_type=\"widget\" data-widget_type=\"image.default\">\n\t\t\t\t<div class=\"elementor-widget-container\">\n\t\t\t<style>\/*! elementor - v3.18.0 - 20-12-2023 *\/\n.elementor-widget-image{text-align:center}.elementor-widget-image a{display:inline-block}.elementor-widget-image a img[src$=\".svg\"]{width:48px}.elementor-widget-image img{vertical-align:middle;display:inline-block}<\/style>\t\t\t\t\t\t\t\t\t\t\t\t<img fetchpriority=\"high\" decoding=\"async\" width=\"800\" height=\"450\" src=\"https:\/\/presenceencorps.fr\/wp-content\/uploads\/2023\/12\/parcours-celinearandel-fasciatherapie-1024x576.jpg\" class=\"attachment-large size-large wp-image-544\" alt=\"J&#039;accompagne les personnes qui le souhaitent \u00e0 prendre conscience de leur corps avec bienveillance, douceur, \u00e9coute, pr\u00e9sence et profondeur. Mes outils : la fasciath\u00e9rapie, la kin\u00e9sith\u00e9rapie, la CNV et la danse du Sensible\" srcset=\"https:\/\/presenceencorps.fr\/wp-content\/uploads\/2023\/12\/parcours-celinearandel-fasciatherapie-1024x576.jpg 1024w, https:\/\/presenceencorps.fr\/wp-content\/uploads\/2023\/12\/parcours-celinearandel-fasciatherapie-300x169.jpg 300w, https:\/\/presenceencorps.fr\/wp-content\/uploads\/2023\/12\/parcours-celinearandel-fasciatherapie-768x432.jpg 768w, https:\/\/presenceencorps.fr\/wp-content\/uploads\/2023\/12\/parcours-celinearandel-fasciatherapie-1536x864.jpg 1536w, https:\/\/presenceencorps.fr\/wp-content\/uploads\/2023\/12\/parcours-celinearandel-fasciatherapie.jpg 1920w\" sizes=\"(max-width: 800px) 100vw, 800px\" \/>\t\t\t\t\t\t\t\t\t\t\t\t\t\t\t<\/div>\n\t\t\t\t<\/div>\n\t\t\t\t<div class=\"elementor-element elementor-element-444d46e elementor-widget elementor-widget-text-editor\" data-id=\"444d46e\" data-element_type=\"widget\" data-widget_type=\"text-editor.default\">\n\t\t\t\t<div class=\"elementor-widget-container\">\n\t\t\t<style>\/*! elementor - v3.18.0 - 20-12-2023 *\/\n.elementor-widget-text-editor.elementor-drop-cap-view-stacked .elementor-drop-cap{background-color:#69727d;color:#fff}.elementor-widget-text-editor.elementor-drop-cap-view-framed .elementor-drop-cap{color:#69727d;border:3px solid;background-color:transparent}.elementor-widget-text-editor:not(.elementor-drop-cap-view-default) .elementor-drop-cap{margin-top:8px}.elementor-widget-text-editor:not(.elementor-drop-cap-view-default) .elementor-drop-cap-letter{width:1em;height:1em}.elementor-widget-text-editor .elementor-drop-cap{float:left;text-align:center;line-height:1;font-size:50px}.elementor-widget-text-editor .elementor-drop-cap-letter{display:inline-block}<\/style>\t\t\t\t<div id=\"comp-kqfpzj2j\" class=\"_2Hij5 _3bcaz\" data-testid=\"richTextElement\"><p class=\"font_8\"><span class=\"color_30\">\u00a0<\/span><\/p><p class=\"font_8\"><span class=\"color_30\">Passionn\u00e9e par l&rsquo;expression de la vie dans le corps, depuis l&rsquo;enfance, j&rsquo;ai explor\u00e9 en 25 ans de nombreuses pratiques, m\u00e9ditatives, contemplatives, gestuelles, verbales&#8230;<\/span><\/p><p class=\"font_8\"><span style=\"font-size: 15px;\">Apr\u00e8s une adolescence tr\u00e8s sportive je m&rsquo;oriente vers les m\u00e9tier du corps et du soin. Premi\u00e8re formation, dans le domaine de la sant\u00e9, termin\u00e9e en 2001, le corps y est abord\u00e9 seulement de mani\u00e8re physique et fonctionnelle. En 2004 alors que je cherche \u00e0 enrichir ma vision du corps en mouvement, je fais l&rsquo;exp\u00e9rience d&rsquo;un soin de Fasciath\u00e9rapie et comprends au m\u00eame instant que c&rsquo;est le d\u00e9but d&rsquo;une grande passion.<\/span><\/p><p class=\"font_8\"><span class=\"color_30\">De 2005 \u00e0 2009 j&rsquo;effectue avec joie et passion, mes \u00e9tudes de Fasciath\u00e9rapie au c\u00f4t\u00e9 de Danis Bois, Christian Courraud, Nadine Qu\u00e9r\u00e9, Eve Berger et Agn\u00e8s No\u00ebl. Je d\u00e9couvre l&rsquo;anatomie du corps autrement : les fascias renouvellent et d\u00e9ploient une autre vision du corps en 3D. Je per\u00e7ois les liens des diff\u00e9rentes parties, l&rsquo;organisation globale du corps et la coh\u00e9rence dans le geste. Personnellement, je d\u00e9couvre qu&rsquo;en tournant mon regard vers l&rsquo;int\u00e9rieur de ma mati\u00e8re, je peux percevoir la vie interne du corps sous la forme d&rsquo;un mouvement.\u00a0 Mon rapport \u00e0 moi m\u00eame change profond\u00e9ment, je peux m&rsquo;appuyer en moi. Je m&rsquo;adoucie, devient plus confiante, plus aimante.<br \/><\/span><\/p><p class=\"font_8\"><span class=\"color_30\">D\u00e8s lors ma vision de l&rsquo;accompagnement\u00a0 des personnes se transforme : je souhaite une d\u00e9marche plus humaine, plus globale, sans sectoriser le corps et en int\u00e9grant globalement la personne dans son contexte de vie.<br \/><\/span><\/p><p class=\"font_8\"><span class=\"color_30\">En m\u00eame temps que ma formation de th\u00e9rapie manuelle sur table, je me forme \u00e0 la gymnastique sensorielle\u00a0 qui est la dimension gestuelle de la fasciath\u00e9rapie. C&rsquo;est une m\u00e9ditation en mouvement, qui permet de ralentir pour trouver l&rsquo;endroit, l&#8217;embo\u00eetement o\u00f9 mon corps s&rsquo;accorde avec ce que je suis en profondeur. A ce moment l\u00e0 je me retrouve avec une grande confiance en moi et avec ma vie, en paix.<\/span><span class=\"color_30\"><br \/><\/span><\/p><p>Juin 2009 j&rsquo;obtiens mon dipl\u00f4me universitaire de Fasciath\u00e9rapie apr\u00e8s la soutenance d&rsquo;un m\u00e9moire intitul\u00e9 : \u00ab\u00a0Apologie du mouvement gestuel\u00a0\u00bb.<\/p><p class=\"font_8\"><span class=\"color_30\">En 2008 je commence \u00e0 enseigner la gymnastique sensorielle en groupe afin de transmettre des outils d&rsquo;\u00e9ducation \u00e0 la sant\u00e9.<\/span><\/p><p class=\"font_8\"><span class=\"color_30\">De 2011 \u00e0 2012 : je me forme \u00e0 l&rsquo;animation de groupe en gymnastique sensorielle et m\u00e9ditation de pleine pr\u00e9sence avec Agn\u00e8s No\u00ebl (sp\u00e9cialiste de la Gymnastique Sensorielle).<br \/><\/span><\/p><p class=\"font_8\"><span class=\"color_30\">En 2013, la naissance de mon fils me pousse\u00a0 \u00e0 rencontrer Isabelle Filliozat. J&rsquo;apprends \u00e0 ses c\u00f4t\u00e9s comment vivre et accueillir mes \u00e9motions avec bienveillance. Je r\u00e9alise l&rsquo;impact des peurs et des pens\u00e9es anxiog\u00e8nes sur le corps. Je comprends que certaines tensions relationnelles cr\u00e9ent des tensions dans mon corps. Je d\u00e9couvre des outils d&rsquo;accompagnement des \u00e9motions et la m\u00e9thode IFS internal Family System cr\u00e9e par le DR Richard C. Schwartz. Cela r\u00e9volutionne ma vision de la psychoth\u00e9rapie.<\/span><\/p><p class=\"font_8\"><span class=\"color_30\">En 2016 j&rsquo;ai la tr\u00e8s grande chance de rencontrer Thomas d&rsquo;Ansembourg et la CNV (communication non violente). Les trois stages effectu\u00e9es en Belgique pr\u00e8s de Thomas transforment radicalement ma vie. Ce processus me permet de me conna\u00eetre plus finement, de redevenir actrice de ma vie et m&rsquo;aide \u00e0 approfondir mon \u00e9coute et mon auto-empathie. Je r\u00e9alise lors d&rsquo;un temps d&rsquo;accompagnement privil\u00e9gi\u00e9 avec lui, la puissance de la pr\u00e9sence silencieuse (dans l&rsquo;accompagnement verbal). <\/span><span class=\"color_30\">Je poursuis chaque jour et essaye d&rsquo;incarner modestement ce processus (CNV). C&rsquo;est pour moi aussi bien personnellement que professionnellement, un fil conducteur tr\u00e8s puissant dans ma vie.<\/span><\/p><p class=\"font_8\"><span class=\"color_30\">Entre 2016 et 2019, je b\u00e9n\u00e9ficie avec joie des enseignements de Christophe Andr\u00e9, psychiatre. Il me fait pratiquer la m\u00e9ditation de pleine conscience et je comprend lors d&rsquo;un colloque \u00e0 Avignon, les m\u00e9canismes de maltraitance psychologique que certaines personnes peuvent avoir en elles. Je d\u00e9couvre la m\u00e9ditation d&rsquo;amour bienveillant.<\/span><\/p><p class=\"font_8\"><span class=\"color_30\">Tous ces outils ont tellement contribu\u00e9s \u00e0 me rendre la vie plus belle que j&rsquo;ai \u00e0 c\u0153ur de transmettre cette bienveillance, cette compassion et cette posture d&rsquo;auto-empathie pour contribuer \u00e0 pacifier les personnes dans leur rapport \u00e0 elles m\u00eame et leur permettre de vivre des relations humaines authentiques, respectueuses et bienveillantes. Devenir un \u00eatre humain pacifi\u00e9 c&rsquo;est pacifiant pour tout le monde qui nous entoure.<\/span><\/p><p class=\"font_8\"><span class=\"color_30\">En 2017 je rencontre Claire Laronde et la Danse du Sensible.<\/span><\/p><p class=\"font_8\"><span class=\"color_30\">La pratique de la Danse du Sensible m&rsquo;offre l&rsquo;exp\u00e9rience de relier la communication non violente, la conscience des fascias et la pr\u00e9sence au corps dans l&rsquo;expression dans\u00e9e. Je d\u00e9couvre ma cr\u00e9ativit\u00e9, r\u00e9pare mes capacit\u00e9s d&rsquo;expression et de concr\u00e9tisation de mes projets. Juin 2021 je r\u00e9alise mon solo de danse \u00ab\u00a0R\u00e9v\u00e9lation\u00a0\u00bb devant un public \u00e0 la m\u00e9tairie des 4 vents dans l&rsquo;Yonne. Cela reste un moment important ou ma richesse int\u00e9rieure a pu trouver un passage pour s&rsquo;exprimer dans ce monde. Depuis la joie et le plaisir de vivre sont d\u00e9cupl\u00e9s.<br \/><\/span><\/p><p class=\"font_8\"><span style=\"font-size: 15px;\">Entre 2017 et 2023 je vis 4 s\u00e9minaires intensif \u00ab Qui suis-je ? \u00bb dont 3 avec la psychologue Nana Michael et un s\u00e9minaire de clarification karmique.<\/span><\/p><p class=\"font_8\"><span style=\"font-size: 15px;\">Ma vie est riche et profonde. Je me sens remplie de Gratitude pour toutes ces magnifiques personnes que je suis all\u00e9e rencontrer sur ce chemin. Ma besace est rempli de tr\u00e9sors que j&rsquo;aurai la chance et la joie de partager avec vous lors de ces accompagnements.<\/span><\/p><\/div>\t\t\t\t\t\t<\/div>\n\t\t\t\t<\/div>\n\t\t\t\t\t<\/div>\n\t\t<\/div>\n\t\t\t\t<div class=\"elementor-column elementor-col-16 elementor-top-column elementor-element elementor-element-bdfccc3\" data-id=\"bdfccc3\" data-element_type=\"column\">\n\t\t\t<div class=\"elementor-widget-wrap\">\n\t\t\t\t\t\t\t\t\t<\/div>\n\t\t<\/div>\n\t\t\t\t\t\t\t<\/div>\n\t\t<\/section>\n\t\t\t\t<section class=\"elementor-section elementor-top-section elementor-element elementor-element-e9ada03 elementor-section-boxed elementor-section-height-default elementor-section-height-default\" data-id=\"e9ada03\" data-element_type=\"section\">\n\t\t\t\t\t\t<div class=\"elementor-container elementor-column-gap-default\">\n\t\t\t\t\t<div class=\"elementor-column elementor-col-25 elementor-top-column elementor-element elementor-element-7185599\" data-id=\"7185599\" data-element_type=\"column\">\n\t\t\t<div class=\"elementor-widget-wrap\">\n\t\t\t\t\t\t\t\t\t<\/div>\n\t\t<\/div>\n\t\t\t\t<div class=\"elementor-column elementor-col-50 elementor-top-column elementor-element elementor-element-39644af\" data-id=\"39644af\" data-element_type=\"column\">\n\t\t\t<div class=\"elementor-widget-wrap elementor-element-populated\">\n\t\t\t\t\t\t\t\t<div class=\"elementor-element elementor-element-e06746e elementor-align-center elementor-widget elementor-widget-button\" data-id=\"e06746e\" data-element_type=\"widget\" data-widget_type=\"button.default\">\n\t\t\t\t<div class=\"elementor-widget-container\">\n\t\t\t\t\t<div class=\"elementor-button-wrapper\">\n\t\t\t<a class=\"elementor-button elementor-button-link elementor-size-md\" href=\"#\">\n\t\t\t\t\t\t<span class=\"elementor-button-content-wrapper\">\n\t\t\t\t\t\t<span class=\"elementor-button-icon elementor-align-icon-left\">\n\t\t\t\t<i aria-hidden=\"true\" class=\"fas fa-heart\"><\/i>\t\t\t<\/span>\n\t\t\t\t\t\t<span class=\"elementor-button-text\">Pour en savoir plus<\/span>\n\t\t<\/span>\n\t\t\t\t\t<\/a>\n\t\t<\/div>\n\t\t\t\t<\/div>\n\t\t\t\t<\/div>\n\t\t\t\t\t<\/div>\n\t\t<\/div>\n\t\t\t\t<div class=\"elementor-column elementor-col-25 elementor-top-column elementor-element elementor-element-ef31d70\" data-id=\"ef31d70\" data-element_type=\"column\">\n\t\t\t<div class=\"elementor-widget-wrap\">\n\t\t\t\t\t\t\t\t\t<\/div>\n\t\t<\/div>\n\t\t\t\t\t\t\t<\/div>\n\t\t<\/section>\n\t\t\t\t<section class=\"elementor-section elementor-top-section elementor-element elementor-element-70bd652 elementor-section-boxed elementor-section-height-default elementor-section-height-default\" data-id=\"70bd652\" data-element_type=\"section\">\n\t\t\t\t\t\t<div class=\"elementor-container elementor-column-gap-default\">\n\t\t\t\t\t<div class=\"elementor-column elementor-col-100 elementor-top-column elementor-element elementor-element-7ab56d6\" data-id=\"7ab56d6\" data-element_type=\"column\">\n\t\t\t<div class=\"elementor-widget-wrap elementor-element-populated\">\n\t\t\t\t\t\t\t\t<section class=\"elementor-section elementor-inner-section elementor-element elementor-element-4b5e6ac elementor-section-boxed elementor-section-height-default elementor-section-height-default\" data-id=\"4b5e6ac\" data-element_type=\"section\">\n\t\t\t\t\t\t<div class=\"elementor-container elementor-column-gap-default\">\n\t\t\t\t\t<div class=\"elementor-column elementor-col-50 elementor-inner-column elementor-element elementor-element-dffda2b\" data-id=\"dffda2b\" data-element_type=\"column\">\n\t\t\t<div class=\"elementor-widget-wrap\">\n\t\t\t\t\t\t\t\t\t<\/div>\n\t\t<\/div>\n\t\t\t\t<div class=\"elementor-column elementor-col-50 elementor-inner-column elementor-element elementor-element-b6da9ac\" data-id=\"b6da9ac\" data-element_type=\"column\">\n\t\t\t<div class=\"elementor-widget-wrap\">\n\t\t\t\t\t\t\t\t\t<\/div>\n\t\t<\/div>\n\t\t\t\t\t\t\t<\/div>\n\t\t<\/section>\n\t\t\t\t\t<\/div>\n\t\t<\/div>\n\t\t\t\t\t\t\t<\/div>\n\t\t<\/section>\n\t\t\t\t\t\t\t<\/div>\n\t\t","protected":false},"excerpt":{"rendered":"<p>\u00a0 Passionn\u00e9e par l&rsquo;expression de la vie dans le corps, depuis l&rsquo;enfance, j&rsquo;ai explor\u00e9 en 25 ans de nombreuses pratiques, m\u00e9ditatives, contemplatives, gestuelles, verbales&#8230; Apr\u00e8s une adolescence tr\u00e8s sportive je m&rsquo;oriente vers les m\u00e9tier du corps et du soin. Premi\u00e8re formation, dans le domaine de la sant\u00e9, termin\u00e9e en 2001, le corps y est abord\u00e9 <a class=\"read-more\" href=\"https:\/\/presenceencorps.fr\/index.php\/mon-parcours-2\/\">Read More<\/a><\/p>\n","protected":false},"author":1,"featured_media":0,"parent":0,"menu_order":0,"comment_status":"closed","ping_status":"closed","template":"template-full-width.php","meta":{"footnotes":""},"class_list":["post-60","page","type-page","status-publish","hentry"],"yoast_head":"<!-- This site is optimized with the Yoast SEO plugin v21.7 - https:\/\/yoast.com\/wordpress\/plugins\/seo\/ -->\n<title>Mon parcours - C\u00e9line Arandel<\/title>\n<meta name=\"robots\" content=\"index, follow, max-snippet:-1, max-image-preview:large, max-video-preview:-1\" \/>\n<link rel=\"canonical\" href=\"https:\/\/presenceencorps.fr\/index.php\/mon-parcours-2\/\" \/>\n<meta property=\"og:locale\" content=\"fr_FR\" \/>\n<meta property=\"og:type\" content=\"article\" \/>\n<meta property=\"og:title\" content=\"Mon parcours - C\u00e9line Arandel\" \/>\n<meta property=\"og:description\" content=\"\u00a0 Passionn\u00e9e par l&rsquo;expression de la vie dans le corps, depuis l&rsquo;enfance, j&rsquo;ai explor\u00e9 en 25 ans de nombreuses pratiques, m\u00e9ditatives, contemplatives, gestuelles, verbales&#8230; Apr\u00e8s une adolescence tr\u00e8s sportive je m&rsquo;oriente vers les m\u00e9tier du corps et du soin. Premi\u00e8re formation, dans le domaine de la sant\u00e9, termin\u00e9e en 2001, le corps y est abord\u00e9 Read More\" \/>\n<meta property=\"og:url\" content=\"https:\/\/presenceencorps.fr\/index.php\/mon-parcours-2\/\" \/>\n<meta property=\"og:site_name\" content=\"C\u00e9line Arandel\" \/>\n<meta property=\"article:modified_time\" content=\"2025-09-21T20:08:08+00:00\" \/>\n<meta property=\"og:image\" content=\"https:\/\/presenceencorps.fr\/wp-content\/uploads\/2023\/12\/parcours-celinearandel-fasciatherapie-1024x576.jpg\" \/>\n<meta name=\"twitter:card\" content=\"summary_large_image\" \/>\n<meta name=\"twitter:label1\" content=\"Dur\u00e9e de lecture estim\u00e9e\" \/>\n\t<meta name=\"twitter:data1\" content=\"5 minutes\" \/>\n<script type=\"application\/ld+json\" class=\"yoast-schema-graph\">{\"@context\":\"https:\/\/schema.org\",\"@graph\":[{\"@type\":\"WebPage\",\"@id\":\"https:\/\/presenceencorps.fr\/index.php\/mon-parcours-2\/\",\"url\":\"https:\/\/presenceencorps.fr\/index.php\/mon-parcours-2\/\",\"name\":\"Mon parcours - C\u00e9line Arandel\",\"isPartOf\":{\"@id\":\"https:\/\/presenceencorps.fr\/#website\"},\"datePublished\":\"2022-08-31T19:37:09+00:00\",\"dateModified\":\"2025-09-21T20:08:08+00:00\",\"breadcrumb\":{\"@id\":\"https:\/\/presenceencorps.fr\/index.php\/mon-parcours-2\/#breadcrumb\"},\"inLanguage\":\"fr-FR\",\"potentialAction\":[{\"@type\":\"ReadAction\",\"target\":[\"https:\/\/presenceencorps.fr\/index.php\/mon-parcours-2\/\"]}]},{\"@type\":\"BreadcrumbList\",\"@id\":\"https:\/\/presenceencorps.fr\/index.php\/mon-parcours-2\/#breadcrumb\",\"itemListElement\":[{\"@type\":\"ListItem\",\"position\":1,\"name\":\"Accueil\",\"item\":\"https:\/\/presenceencorps.fr\/\"},{\"@type\":\"ListItem\",\"position\":2,\"name\":\"Mon parcours\"}]},{\"@type\":\"WebSite\",\"@id\":\"https:\/\/presenceencorps.fr\/#website\",\"url\":\"https:\/\/presenceencorps.fr\/\",\"name\":\"C\u00e9line Arandel\",\"description\":\"Fasciath\u00e9rapeute, Coaching de vie, Danse du Sensible, Accompagnement \u00e0 la f\u00e9minit\u00e9 et \u00e0 l&#039;expressivit\u00e9\",\"potentialAction\":[{\"@type\":\"SearchAction\",\"target\":{\"@type\":\"EntryPoint\",\"urlTemplate\":\"https:\/\/presenceencorps.fr\/?s={search_term_string}\"},\"query-input\":\"required name=search_term_string\"}],\"inLanguage\":\"fr-FR\"}]}<\/script>\n<!-- \/ Yoast SEO plugin. -->","yoast_head_json":{"title":"Mon parcours - C\u00e9line Arandel","robots":{"index":"index","follow":"follow","max-snippet":"max-snippet:-1","max-image-preview":"max-image-preview:large","max-video-preview":"max-video-preview:-1"},"canonical":"https:\/\/presenceencorps.fr\/index.php\/mon-parcours-2\/","og_locale":"fr_FR","og_type":"article","og_title":"Mon parcours - C\u00e9line Arandel","og_description":"\u00a0 Passionn\u00e9e par l&rsquo;expression de la vie dans le corps, depuis l&rsquo;enfance, j&rsquo;ai explor\u00e9 en 25 ans de nombreuses pratiques, m\u00e9ditatives, contemplatives, gestuelles, verbales&#8230; Apr\u00e8s une adolescence tr\u00e8s sportive je m&rsquo;oriente vers les m\u00e9tier du corps et du soin. Premi\u00e8re formation, dans le domaine de la sant\u00e9, termin\u00e9e en 2001, le corps y est abord\u00e9 Read More","og_url":"https:\/\/presenceencorps.fr\/index.php\/mon-parcours-2\/","og_site_name":"C\u00e9line Arandel","article_modified_time":"2025-09-21T20:08:08+00:00","og_image":[{"url":"https:\/\/presenceencorps.fr\/wp-content\/uploads\/2023\/12\/parcours-celinearandel-fasciatherapie-1024x576.jpg"}],"twitter_card":"summary_large_image","twitter_misc":{"Dur\u00e9e de lecture estim\u00e9e":"5 minutes"},"schema":{"@context":"https:\/\/schema.org","@graph":[{"@type":"WebPage","@id":"https:\/\/presenceencorps.fr\/index.php\/mon-parcours-2\/","url":"https:\/\/presenceencorps.fr\/index.php\/mon-parcours-2\/","name":"Mon parcours - C\u00e9line Arandel","isPartOf":{"@id":"https:\/\/presenceencorps.fr\/#website"},"datePublished":"2022-08-31T19:37:09+00:00","dateModified":"2025-09-21T20:08:08+00:00","breadcrumb":{"@id":"https:\/\/presenceencorps.fr\/index.php\/mon-parcours-2\/#breadcrumb"},"inLanguage":"fr-FR","potentialAction":[{"@type":"ReadAction","target":["https:\/\/presenceencorps.fr\/index.php\/mon-parcours-2\/"]}]},{"@type":"BreadcrumbList","@id":"https:\/\/presenceencorps.fr\/index.php\/mon-parcours-2\/#breadcrumb","itemListElement":[{"@type":"ListItem","position":1,"name":"Accueil","item":"https:\/\/presenceencorps.fr\/"},{"@type":"ListItem","position":2,"name":"Mon parcours"}]},{"@type":"WebSite","@id":"https:\/\/presenceencorps.fr\/#website","url":"https:\/\/presenceencorps.fr\/","name":"C\u00e9line Arandel","description":"Fasciath\u00e9rapeute, Coaching de vie, Danse du Sensible, Accompagnement \u00e0 la f\u00e9minit\u00e9 et \u00e0 l&#039;expressivit\u00e9","potentialAction":[{"@type":"SearchAction","target":{"@type":"EntryPoint","urlTemplate":"https:\/\/presenceencorps.fr\/?s={search_term_string}"},"query-input":"required name=search_term_string"}],"inLanguage":"fr-FR"}]}},"_links":{"self":[{"href":"https:\/\/presenceencorps.fr\/index.php\/wp-json\/wp\/v2\/pages\/60","targetHints":{"allow":["GET"]}}],"collection":[{"href":"https:\/\/presenceencorps.fr\/index.php\/wp-json\/wp\/v2\/pages"}],"about":[{"href":"https:\/\/presenceencorps.fr\/index.php\/wp-json\/wp\/v2\/types\/page"}],"author":[{"embeddable":true,"href":"https:\/\/presenceencorps.fr\/index.php\/wp-json\/wp\/v2\/users\/1"}],"replies":[{"embeddable":true,"href":"https:\/\/presenceencorps.fr\/index.php\/wp-json\/wp\/v2\/comments?post=60"}],"version-history":[{"count":47,"href":"https:\/\/presenceencorps.fr\/index.php\/wp-json\/wp\/v2\/pages\/60\/revisions"}],"predecessor-version":[{"id":630,"href":"https:\/\/presenceencorps.fr\/index.php\/wp-json\/wp\/v2\/pages\/60\/revisions\/630"}],"wp:attachment":[{"href":"https:\/\/presenceencorps.fr\/index.php\/wp-json\/wp\/v2\/media?parent=60"}],"curies":[{"name":"wp","href":"https:\/\/api.w.org\/{rel}","templated":true}]}}