{"id":70,"date":"2022-08-31T21:50:50","date_gmt":"2022-08-31T19:50:50","guid":{"rendered":"http:\/\/presenk.cluster031.hosting.ovh.net\/?page_id=70"},"modified":"2023-12-26T20:04:47","modified_gmt":"2023-12-26T19:04:47","slug":"mes-soins","status":"publish","type":"page","link":"https:\/\/presenceencorps.fr\/index.php\/mes-soins\/","title":{"rendered":"Mes soins"},"content":{"rendered":"\t\t<div data-elementor-type=\"wp-page\" data-elementor-id=\"70\" class=\"elementor elementor-70\">\n\t\t\t\t\t\t\t\t\t<section class=\"elementor-section elementor-top-section elementor-element elementor-element-9e9c546 elementor-section-boxed elementor-section-height-default elementor-section-height-default\" data-id=\"9e9c546\" data-element_type=\"section\">\n\t\t\t\t\t\t<div class=\"elementor-container elementor-column-gap-default\">\n\t\t\t\t\t<div class=\"elementor-column elementor-col-33 elementor-top-column elementor-element elementor-element-9b9bf66\" data-id=\"9b9bf66\" data-element_type=\"column\">\n\t\t\t<div class=\"elementor-widget-wrap elementor-element-populated\">\n\t\t\t\t\t\t\t\t<div class=\"elementor-element elementor-element-b76af3f elementor-widget elementor-widget-image\" data-id=\"b76af3f\" data-element_type=\"widget\" data-widget_type=\"image.default\">\n\t\t\t\t<div class=\"elementor-widget-container\">\n\t\t\t<style>\/*! elementor - v3.18.0 - 20-12-2023 *\/\n.elementor-widget-image{text-align:center}.elementor-widget-image a{display:inline-block}.elementor-widget-image a img[src$=\".svg\"]{width:48px}.elementor-widget-image img{vertical-align:middle;display:inline-block}<\/style>\t\t\t\t\t\t\t\t\t\t\t\t<img fetchpriority=\"high\" decoding=\"async\" width=\"768\" height=\"1024\" src=\"https:\/\/presenceencorps.fr\/wp-content\/uploads\/2023\/12\/fasciatherapie-CNV-DanseduSensible-768x1024.jpg\" class=\"attachment-large size-large wp-image-446\" alt=\"\" srcset=\"https:\/\/presenceencorps.fr\/wp-content\/uploads\/2023\/12\/fasciatherapie-CNV-DanseduSensible-768x1024.jpg 768w, https:\/\/presenceencorps.fr\/wp-content\/uploads\/2023\/12\/fasciatherapie-CNV-DanseduSensible-225x300.jpg 225w, https:\/\/presenceencorps.fr\/wp-content\/uploads\/2023\/12\/fasciatherapie-CNV-DanseduSensible-1152x1536.jpg 1152w, https:\/\/presenceencorps.fr\/wp-content\/uploads\/2023\/12\/fasciatherapie-CNV-DanseduSensible-1536x2048.jpg 1536w, https:\/\/presenceencorps.fr\/wp-content\/uploads\/2023\/12\/fasciatherapie-CNV-DanseduSensible-scaled.jpg 1920w\" sizes=\"(max-width: 768px) 100vw, 768px\" \/>\t\t\t\t\t\t\t\t\t\t\t\t\t\t\t<\/div>\n\t\t\t\t<\/div>\n\t\t\t\t\t<\/div>\n\t\t<\/div>\n\t\t\t\t<div class=\"elementor-column elementor-col-66 elementor-top-column elementor-element elementor-element-9a84977\" data-id=\"9a84977\" data-element_type=\"column\">\n\t\t\t<div class=\"elementor-widget-wrap elementor-element-populated\">\n\t\t\t\t\t\t\t\t<div class=\"elementor-element elementor-element-d4aa3f5 elementor-widget elementor-widget-text-editor\" data-id=\"d4aa3f5\" data-element_type=\"widget\" data-widget_type=\"text-editor.default\">\n\t\t\t\t<div class=\"elementor-widget-container\">\n\t\t\t<style>\/*! elementor - v3.18.0 - 20-12-2023 *\/\n.elementor-widget-text-editor.elementor-drop-cap-view-stacked .elementor-drop-cap{background-color:#69727d;color:#fff}.elementor-widget-text-editor.elementor-drop-cap-view-framed .elementor-drop-cap{color:#69727d;border:3px solid;background-color:transparent}.elementor-widget-text-editor:not(.elementor-drop-cap-view-default) .elementor-drop-cap{margin-top:8px}.elementor-widget-text-editor:not(.elementor-drop-cap-view-default) .elementor-drop-cap-letter{width:1em;height:1em}.elementor-widget-text-editor .elementor-drop-cap{float:left;text-align:center;line-height:1;font-size:50px}.elementor-widget-text-editor .elementor-drop-cap-letter{display:inline-block}<\/style>\t\t\t\t<div id=\"comp-kyru813z\" class=\"_2Hij5 _3bcaz\" data-testid=\"richTextElement\"><p>\u00a0<\/p><p class=\"font_0\">Je vous re\u00e7ois individuellement, dans ma grande salle de soin au calme.<\/p><p class=\"font_0\">Une prise de rendez vous par t\u00e9l\u00e9phone au 06 62 38 37 05 est n\u00e9cessaire avant votre visite.<\/p><\/div><div id=\"comp-kyqdtscp\" class=\"_2Hij5 _3bcaz\" data-testid=\"richTextElement\"><p class=\"font_0\">Je prends mon temps avec les personnes : j&rsquo;ai fait le choix de faire des s\u00e9ances longues pour vous offrir :<\/p><p>&#8211; un temps d&rsquo;\u00e9coute empathique<br \/>&#8211; un temps pour prendre connaissance des \u00e9l\u00e9ments de votre dossier m\u00e9dical si vous en avez un (radios, examens m\u00e9dicaux etc&#8230;)<br \/>&#8211; un temps d&rsquo;\u00e9laboration de votre projet de soin en fonction de vos besoins sp\u00e9cifiques<br \/>&#8211; un temps de d\u00e9tente th\u00e9rapeutique global du corps<br \/>&#8211; un temps de partage d&rsquo;exercices pour prolonger l&rsquo;effet du soin et favoriser l&rsquo;autonomisation.<\/p><p>Lors de mes soins j&rsquo;accorde mes diff\u00e9rentes comp\u00e9tences (Fasciath\u00e9rapie, \u00e9coute empathique, accompagnement gestuel&#8230;) pour vous proposer un soin sp\u00e9cifique, le votre.<\/p><p>Je propose \u00e9galement des ateliers de groupe et des stages (plus d&rsquo;infos sur l&rsquo;onglet <a href=\"http:\/\/presenk.cluster031.hosting.ovh.net\/index.php\/ateliers-stages\/\">atelier\/stage<\/a>)<\/p><\/div>\t\t\t\t\t\t<\/div>\n\t\t\t\t<\/div>\n\t\t\t\t\t<\/div>\n\t\t<\/div>\n\t\t\t\t\t\t\t<\/div>\n\t\t<\/section>\n\t\t\t\t\t\t\t<\/div>\n\t\t","protected":false},"excerpt":{"rendered":"<p>\u00a0 Je vous re\u00e7ois individuellement, dans ma grande salle de soin au calme. Une prise de rendez vous par t\u00e9l\u00e9phone au 06 62 38 37 05 est n\u00e9cessaire avant votre visite. Je prends mon temps avec les personnes : j&rsquo;ai fait le choix de faire des s\u00e9ances longues pour vous offrir : &#8211; un temps <a class=\"read-more\" href=\"https:\/\/presenceencorps.fr\/index.php\/mes-soins\/\">Read More<\/a><\/p>\n","protected":false},"author":1,"featured_media":0,"parent":0,"menu_order":0,"comment_status":"closed","ping_status":"closed","template":"template-full-width.php","meta":{"footnotes":""},"class_list":["post-70","page","type-page","status-publish","hentry"],"yoast_head":"<!-- This site is optimized with the Yoast SEO plugin v21.7 - https:\/\/yoast.com\/wordpress\/plugins\/seo\/ -->\n<title>Mes soins - C\u00e9line Arandel<\/title>\n<meta name=\"robots\" content=\"index, follow, max-snippet:-1, max-image-preview:large, max-video-preview:-1\" \/>\n<link rel=\"canonical\" href=\"https:\/\/presenceencorps.fr\/index.php\/mes-soins\/\" \/>\n<meta property=\"og:locale\" content=\"fr_FR\" \/>\n<meta property=\"og:type\" content=\"article\" \/>\n<meta property=\"og:title\" content=\"Mes soins - C\u00e9line Arandel\" \/>\n<meta property=\"og:description\" content=\"\u00a0 Je vous re\u00e7ois individuellement, dans ma grande salle de soin au calme. Une prise de rendez vous par t\u00e9l\u00e9phone au 06 62 38 37 05 est n\u00e9cessaire avant votre visite. Je prends mon temps avec les personnes : j&rsquo;ai fait le choix de faire des s\u00e9ances longues pour vous offrir : &#8211; un temps Read More\" \/>\n<meta property=\"og:url\" content=\"https:\/\/presenceencorps.fr\/index.php\/mes-soins\/\" \/>\n<meta property=\"og:site_name\" content=\"C\u00e9line Arandel\" \/>\n<meta property=\"article:modified_time\" content=\"2023-12-26T19:04:47+00:00\" \/>\n<meta property=\"og:image\" content=\"https:\/\/presenceencorps.fr\/wp-content\/uploads\/2023\/12\/fasciatherapie-CNV-DanseduSensible-768x1024.jpg\" \/>\n<meta name=\"twitter:card\" content=\"summary_large_image\" \/>\n<meta name=\"twitter:label1\" content=\"Dur\u00e9e de lecture estim\u00e9e\" \/>\n\t<meta name=\"twitter:data1\" content=\"1 minute\" \/>\n<script type=\"application\/ld+json\" class=\"yoast-schema-graph\">{\"@context\":\"https:\/\/schema.org\",\"@graph\":[{\"@type\":\"WebPage\",\"@id\":\"https:\/\/presenceencorps.fr\/index.php\/mes-soins\/\",\"url\":\"https:\/\/presenceencorps.fr\/index.php\/mes-soins\/\",\"name\":\"Mes soins - C\u00e9line Arandel\",\"isPartOf\":{\"@id\":\"https:\/\/presenceencorps.fr\/#website\"},\"datePublished\":\"2022-08-31T19:50:50+00:00\",\"dateModified\":\"2023-12-26T19:04:47+00:00\",\"breadcrumb\":{\"@id\":\"https:\/\/presenceencorps.fr\/index.php\/mes-soins\/#breadcrumb\"},\"inLanguage\":\"fr-FR\",\"potentialAction\":[{\"@type\":\"ReadAction\",\"target\":[\"https:\/\/presenceencorps.fr\/index.php\/mes-soins\/\"]}]},{\"@type\":\"BreadcrumbList\",\"@id\":\"https:\/\/presenceencorps.fr\/index.php\/mes-soins\/#breadcrumb\",\"itemListElement\":[{\"@type\":\"ListItem\",\"position\":1,\"name\":\"Accueil\",\"item\":\"https:\/\/presenceencorps.fr\/\"},{\"@type\":\"ListItem\",\"position\":2,\"name\":\"Mes soins\"}]},{\"@type\":\"WebSite\",\"@id\":\"https:\/\/presenceencorps.fr\/#website\",\"url\":\"https:\/\/presenceencorps.fr\/\",\"name\":\"C\u00e9line Arandel\",\"description\":\"Fasciath\u00e9rapeute, Coaching de vie, Danse du Sensible, Accompagnement \u00e0 la f\u00e9minit\u00e9 et \u00e0 l&#039;expressivit\u00e9\",\"potentialAction\":[{\"@type\":\"SearchAction\",\"target\":{\"@type\":\"EntryPoint\",\"urlTemplate\":\"https:\/\/presenceencorps.fr\/?s={search_term_string}\"},\"query-input\":\"required name=search_term_string\"}],\"inLanguage\":\"fr-FR\"}]}<\/script>\n<!-- \/ Yoast SEO plugin. -->","yoast_head_json":{"title":"Mes soins - C\u00e9line Arandel","robots":{"index":"index","follow":"follow","max-snippet":"max-snippet:-1","max-image-preview":"max-image-preview:large","max-video-preview":"max-video-preview:-1"},"canonical":"https:\/\/presenceencorps.fr\/index.php\/mes-soins\/","og_locale":"fr_FR","og_type":"article","og_title":"Mes soins - C\u00e9line Arandel","og_description":"\u00a0 Je vous re\u00e7ois individuellement, dans ma grande salle de soin au calme. Une prise de rendez vous par t\u00e9l\u00e9phone au 06 62 38 37 05 est n\u00e9cessaire avant votre visite. Je prends mon temps avec les personnes : j&rsquo;ai fait le choix de faire des s\u00e9ances longues pour vous offrir : &#8211; un temps Read More","og_url":"https:\/\/presenceencorps.fr\/index.php\/mes-soins\/","og_site_name":"C\u00e9line Arandel","article_modified_time":"2023-12-26T19:04:47+00:00","og_image":[{"url":"https:\/\/presenceencorps.fr\/wp-content\/uploads\/2023\/12\/fasciatherapie-CNV-DanseduSensible-768x1024.jpg"}],"twitter_card":"summary_large_image","twitter_misc":{"Dur\u00e9e de lecture estim\u00e9e":"1 minute"},"schema":{"@context":"https:\/\/schema.org","@graph":[{"@type":"WebPage","@id":"https:\/\/presenceencorps.fr\/index.php\/mes-soins\/","url":"https:\/\/presenceencorps.fr\/index.php\/mes-soins\/","name":"Mes soins - C\u00e9line Arandel","isPartOf":{"@id":"https:\/\/presenceencorps.fr\/#website"},"datePublished":"2022-08-31T19:50:50+00:00","dateModified":"2023-12-26T19:04:47+00:00","breadcrumb":{"@id":"https:\/\/presenceencorps.fr\/index.php\/mes-soins\/#breadcrumb"},"inLanguage":"fr-FR","potentialAction":[{"@type":"ReadAction","target":["https:\/\/presenceencorps.fr\/index.php\/mes-soins\/"]}]},{"@type":"BreadcrumbList","@id":"https:\/\/presenceencorps.fr\/index.php\/mes-soins\/#breadcrumb","itemListElement":[{"@type":"ListItem","position":1,"name":"Accueil","item":"https:\/\/presenceencorps.fr\/"},{"@type":"ListItem","position":2,"name":"Mes soins"}]},{"@type":"WebSite","@id":"https:\/\/presenceencorps.fr\/#website","url":"https:\/\/presenceencorps.fr\/","name":"C\u00e9line Arandel","description":"Fasciath\u00e9rapeute, Coaching de vie, Danse du Sensible, Accompagnement \u00e0 la f\u00e9minit\u00e9 et \u00e0 l&#039;expressivit\u00e9","potentialAction":[{"@type":"SearchAction","target":{"@type":"EntryPoint","urlTemplate":"https:\/\/presenceencorps.fr\/?s={search_term_string}"},"query-input":"required name=search_term_string"}],"inLanguage":"fr-FR"}]}},"_links":{"self":[{"href":"https:\/\/presenceencorps.fr\/index.php\/wp-json\/wp\/v2\/pages\/70","targetHints":{"allow":["GET"]}}],"collection":[{"href":"https:\/\/presenceencorps.fr\/index.php\/wp-json\/wp\/v2\/pages"}],"about":[{"href":"https:\/\/presenceencorps.fr\/index.php\/wp-json\/wp\/v2\/types\/page"}],"author":[{"embeddable":true,"href":"https:\/\/presenceencorps.fr\/index.php\/wp-json\/wp\/v2\/users\/1"}],"replies":[{"embeddable":true,"href":"https:\/\/presenceencorps.fr\/index.php\/wp-json\/wp\/v2\/comments?post=70"}],"version-history":[{"count":17,"href":"https:\/\/presenceencorps.fr\/index.php\/wp-json\/wp\/v2\/pages\/70\/revisions"}],"predecessor-version":[{"id":520,"href":"https:\/\/presenceencorps.fr\/index.php\/wp-json\/wp\/v2\/pages\/70\/revisions\/520"}],"wp:attachment":[{"href":"https:\/\/presenceencorps.fr\/index.php\/wp-json\/wp\/v2\/media?parent=70"}],"curies":[{"name":"wp","href":"https:\/\/api.w.org\/{rel}","templated":true}]}}