{"id":88,"date":"2022-09-01T02:34:03","date_gmt":"2022-09-01T00:34:03","guid":{"rendered":"http:\/\/presenk.cluster031.hosting.ovh.net\/?page_id=88"},"modified":"2024-10-23T11:01:36","modified_gmt":"2024-10-23T09:01:36","slug":"danse-du-sensible","status":"publish","type":"page","link":"https:\/\/presenceencorps.fr\/index.php\/danse-du-sensible\/","title":{"rendered":"La danse du Sensible"},"content":{"rendered":"\t\t<div data-elementor-type=\"wp-page\" data-elementor-id=\"88\" class=\"elementor elementor-88\">\n\t\t\t\t\t\t\t\t\t<section class=\"elementor-section elementor-top-section elementor-element elementor-element-e63894a elementor-section-boxed elementor-section-height-default elementor-section-height-default\" data-id=\"e63894a\" data-element_type=\"section\">\n\t\t\t\t\t\t<div class=\"elementor-container elementor-column-gap-default\">\n\t\t\t\t\t<div class=\"elementor-column elementor-col-50 elementor-top-column elementor-element elementor-element-ea46171\" data-id=\"ea46171\" data-element_type=\"column\">\n\t\t\t<div class=\"elementor-widget-wrap elementor-element-populated\">\n\t\t\t\t\t\t\t\t<div class=\"elementor-element elementor-element-7f99a1b elementor-widget elementor-widget-text-editor\" data-id=\"7f99a1b\" data-element_type=\"widget\" data-widget_type=\"text-editor.default\">\n\t\t\t\t<div class=\"elementor-widget-container\">\n\t\t\t<style>\/*! elementor - v3.18.0 - 20-12-2023 *\/\n.elementor-widget-text-editor.elementor-drop-cap-view-stacked .elementor-drop-cap{background-color:#69727d;color:#fff}.elementor-widget-text-editor.elementor-drop-cap-view-framed .elementor-drop-cap{color:#69727d;border:3px solid;background-color:transparent}.elementor-widget-text-editor:not(.elementor-drop-cap-view-default) .elementor-drop-cap{margin-top:8px}.elementor-widget-text-editor:not(.elementor-drop-cap-view-default) .elementor-drop-cap-letter{width:1em;height:1em}.elementor-widget-text-editor .elementor-drop-cap{float:left;text-align:center;line-height:1;font-size:50px}.elementor-widget-text-editor .elementor-drop-cap-letter{display:inline-block}<\/style>\t\t\t\t<p><img fetchpriority=\"high\" decoding=\"async\" class=\"alignnone wp-image-97 size-full\" src=\"http:\/\/presenk.cluster031.hosting.ovh.net\/wp-content\/uploads\/2022\/09\/arandel-fasciatherapie-Sensible-danse-Celine-1.jpg\" alt=\"J'accompagne les personnes qui le souhaitent \u00e0 prendre conscience de leur corps avec bienveillance, douceur, \u00e9coute, pr\u00e9sence et profondeur. Mes outils : la fasciath\u00e9rapie, la kin\u00e9sith\u00e9rapie, la CNV et la danse du Sensible\" width=\"522\" height=\"605\" srcset=\"https:\/\/presenceencorps.fr\/wp-content\/uploads\/2022\/09\/arandel-fasciatherapie-Sensible-danse-Celine-1.jpg 522w, https:\/\/presenceencorps.fr\/wp-content\/uploads\/2022\/09\/arandel-fasciatherapie-Sensible-danse-Celine-1-259x300.jpg 259w\" sizes=\"(max-width: 522px) 100vw, 522px\" \/><\/p><p>\u00a0<\/p><p><img decoding=\"async\" class=\"alignnone wp-image-95 size-full\" src=\"http:\/\/presenk.cluster031.hosting.ovh.net\/wp-content\/uploads\/2022\/09\/arandel-fasciatherapie-Sensible-danse-presence.jpg\" alt=\"J'accompagne les personnes qui le souhaitent \u00e0 prendre conscience de leur corps avec bienveillance, douceur, \u00e9coute, pr\u00e9sence et profondeur. Mes outils : la fasciath\u00e9rapie, la kin\u00e9sith\u00e9rapie, la CNV et la danse du Sensible\" width=\"1287\" height=\"1080\" srcset=\"https:\/\/presenceencorps.fr\/wp-content\/uploads\/2022\/09\/arandel-fasciatherapie-Sensible-danse-presence.jpg 1287w, https:\/\/presenceencorps.fr\/wp-content\/uploads\/2022\/09\/arandel-fasciatherapie-Sensible-danse-presence-300x252.jpg 300w, https:\/\/presenceencorps.fr\/wp-content\/uploads\/2022\/09\/arandel-fasciatherapie-Sensible-danse-presence-1024x859.jpg 1024w, https:\/\/presenceencorps.fr\/wp-content\/uploads\/2022\/09\/arandel-fasciatherapie-Sensible-danse-presence-768x644.jpg 768w\" sizes=\"(max-width: 1287px) 100vw, 1287px\" \/><\/p><p>\u00a0<\/p><p><img decoding=\"async\" class=\"alignnone wp-image-96 size-full\" src=\"http:\/\/presenk.cluster031.hosting.ovh.net\/wp-content\/uploads\/2022\/09\/arandel-fasciatherapie-Sensible-Laronde-Claire.jpg\" alt=\"J'accompagne les personnes qui le souhaitent \u00e0 prendre conscience de leur corps avec bienveillance, douceur, \u00e9coute, pr\u00e9sence et profondeur. Mes outils : la fasciath\u00e9rapie, la kin\u00e9sith\u00e9rapie, la CNV et la danse du Sensible\" width=\"683\" height=\"450\" srcset=\"https:\/\/presenceencorps.fr\/wp-content\/uploads\/2022\/09\/arandel-fasciatherapie-Sensible-Laronde-Claire.jpg 683w, https:\/\/presenceencorps.fr\/wp-content\/uploads\/2022\/09\/arandel-fasciatherapie-Sensible-Laronde-Claire-300x198.jpg 300w\" sizes=\"(max-width: 683px) 100vw, 683px\" \/><\/p><p>\u00a0<\/p><p><img loading=\"lazy\" decoding=\"async\" class=\"alignnone wp-image-89 size-full\" src=\"http:\/\/presenk.cluster031.hosting.ovh.net\/wp-content\/uploads\/2022\/09\/274463064_675233446836137_1045985655776409742_n.jpg\" alt=\"J'accompagne les personnes qui le souhaitent \u00e0 prendre conscience de leur corps avec bienveillance, douceur, \u00e9coute, pr\u00e9sence et profondeur. Mes outils : la fasciath\u00e9rapie, la kin\u00e9sith\u00e9rapie, la CNV et la danse du Sensible\" width=\"960\" height=\"540\" srcset=\"https:\/\/presenceencorps.fr\/wp-content\/uploads\/2022\/09\/274463064_675233446836137_1045985655776409742_n.jpg 960w, https:\/\/presenceencorps.fr\/wp-content\/uploads\/2022\/09\/274463064_675233446836137_1045985655776409742_n-300x169.jpg 300w, https:\/\/presenceencorps.fr\/wp-content\/uploads\/2022\/09\/274463064_675233446836137_1045985655776409742_n-768x432.jpg 768w\" sizes=\"(max-width: 960px) 100vw, 960px\" \/><\/p><p>\u00a0<\/p><p><img loading=\"lazy\" decoding=\"async\" class=\"alignnone wp-image-94 size-full\" src=\"http:\/\/presenk.cluster031.hosting.ovh.net\/wp-content\/uploads\/2022\/09\/arandel-fasciatherapie-Sensible-danse-communication.jpg\" alt=\"J'accompagne les personnes qui le souhaitent \u00e0 prendre conscience de leur corps avec bienveillance, douceur, \u00e9coute, pr\u00e9sence et profondeur. Mes outils : la fasciath\u00e9rapie, la kin\u00e9sith\u00e9rapie, la CNV et la danse du Sensible\" width=\"640\" height=\"960\" srcset=\"https:\/\/presenceencorps.fr\/wp-content\/uploads\/2022\/09\/arandel-fasciatherapie-Sensible-danse-communication.jpg 640w, https:\/\/presenceencorps.fr\/wp-content\/uploads\/2022\/09\/arandel-fasciatherapie-Sensible-danse-communication-200x300.jpg 200w\" sizes=\"(max-width: 640px) 100vw, 640px\" \/><\/p>\t\t\t\t\t\t<\/div>\n\t\t\t\t<\/div>\n\t\t\t\t\t<\/div>\n\t\t<\/div>\n\t\t\t\t<div class=\"elementor-column elementor-col-50 elementor-top-column elementor-element elementor-element-714a71b\" data-id=\"714a71b\" data-element_type=\"column\">\n\t\t\t<div class=\"elementor-widget-wrap elementor-element-populated\">\n\t\t\t\t\t\t\t\t<div class=\"elementor-element elementor-element-18d8589 elementor-widget elementor-widget-text-editor\" data-id=\"18d8589\" data-element_type=\"widget\" data-widget_type=\"text-editor.default\">\n\t\t\t\t<div class=\"elementor-widget-container\">\n\t\t\t\t\t\t\t<p>La Danse du Sensible a \u00e9t\u00e9 cr\u00e9e par Claire Laronde, danseuse et chor\u00e9graphe qui a su associer la danse, la p\u00e9dagogie perceptive et la communication non violente.<\/p><div class=\"xQ_iF\" data-testid=\"linkElement\"><img loading=\"lazy\" decoding=\"async\" class=\"aligncenter wp-image-91 size-thumbnail\" src=\"http:\/\/presenk.cluster031.hosting.ovh.net\/wp-content\/uploads\/2022\/09\/arandel-fasciatherapie-Sensible-Claire-Laronde-150x150.jpg\" alt=\"J'accompagne les personnes qui le souhaitent \u00e0 prendre conscience de leur corps avec bienveillance, douceur, \u00e9coute, pr\u00e9sence et profondeur. Mes outils : la fasciath\u00e9rapie, la kin\u00e9sith\u00e9rapie, la CNV et la danse du Sensible\" width=\"150\" height=\"150\" srcset=\"https:\/\/presenceencorps.fr\/wp-content\/uploads\/2022\/09\/arandel-fasciatherapie-Sensible-Claire-Laronde-150x150.jpg 150w, https:\/\/presenceencorps.fr\/wp-content\/uploads\/2022\/09\/arandel-fasciatherapie-Sensible-Claire-Laronde-45x45.jpg 45w\" sizes=\"(max-width: 150px) 100vw, 150px\" \/><\/div><div id=\"comp-kqgk78fj\" class=\"_2Hij5 _3bcaz\" data-testid=\"richTextElement\"><p>\u00a0<\/p><p class=\"font_8\">La Danse du sensible peut se pratiquer en groupe, pour soi ou en accompagnement individuel. Elle se d\u00e9ploie par diff\u00e9rentes danses v\u00e9cues comme des m\u00e9diations en mouvement : danse pour soi, danse partag\u00e9e avec l&rsquo;autre, danse de groupe. Certaines pratiques incluent du toucher.<\/p><\/div><div id=\"comp-kqgk78fj\" class=\"_2Hij5 _3bcaz\" data-testid=\"richTextElement\"><ul class=\"font_8 color_20\"><li><h2><span style=\"text-decoration: underline;\"><span class=\"color_20\">Une danse m\u00e9ditative\u00a0<\/span><\/span><\/h2><\/li><\/ul><p>Elle permet de retrouver un lieu de tranquillit\u00e9 en soi jamais alt\u00e9r\u00e9 ; c&rsquo;est l&rsquo;opportunit\u00e9 de descendre progressivement, avec une infinie douceur, vers sa profondeur pour d\u00e9velopper son int\u00e9riorit\u00e9. Il s&rsquo;agit de s&rsquo;offrir un temps pour ralentir, d\u00e9velopper plus de pr\u00e9sence \u00e0 soi, \u00e0 la globalit\u00e9 du corps \u00e0 chaque instant de la vie. Gr\u00e2ce au contact du mouvement interne pendant la pratique dans\u00e9e, la personne r\u00e9actualise son lien avec sa spiritualit\u00e9 dans l&rsquo;espace du corps.<\/p><\/div><div id=\"comp-kqgk78fj\" class=\"_2Hij5 _3bcaz\" data-testid=\"richTextElement\"><div id=\"comp-ky5zpzb8\" class=\"_2Hij5 _3bcaz\" data-testid=\"richTextElement\"><ul class=\"font_8 color_20\"><li><h2><span style=\"text-decoration: underline;\"><span class=\"color_20\">Une danse perceptive\u00a0<\/span><\/span><\/h2><\/li><\/ul><p>Elle d\u00e9veloppe l&rsquo;attention et la pr\u00e9sence au corps en mouvement. Petit \u00e0 petit l&rsquo;attention se pose sur les diff\u00e9rentes parties du corps, une globalit\u00e9 nouvelle appara\u00eet. La pratique r\u00e9guli\u00e8re d\u00e9veloppe une sensation de stabilit\u00e9 et de pr\u00e9sence unifi\u00e9e. Le sujet d\u00e9veloppe ainsi une pr\u00e9sence \u00e0 son corps, \u00e0 son geste, au mouvement interne, \u00e0 ses orientations et au sens qui\u00a0 en \u00e9merge.<\/p><\/div><\/div><div id=\"comp-kqgk78fj\" class=\"_2Hij5 _3bcaz\" data-testid=\"richTextElement\"><div id=\"comp-ky5zpzb8\" class=\"_2Hij5 _3bcaz\" data-testid=\"richTextElement\"><ul class=\"font_8 color_20\"><li><h2><span style=\"text-decoration: underline;\"><span class=\"color_20\">Une danse th\u00e9rapie ainsi qu&rsquo;une danse de transformation.<\/span><\/span><\/h2><\/li><\/ul><p>La personne pratiquant la Danse du Sensible s&rsquo;autorise \u00e0 exprimer ce qui vit en elle. L&rsquo;imper\u00e7u devient per\u00e7u et s&rsquo;exprime dans la danse. Le sujet assume d&rsquo;exprimer sa danse d&rsquo;abord pour lui m\u00eame, puis ensuite lors des partages avec un autre, au sein du groupe. Ce qui \u00e9tait enfoui dans la mati\u00e8re du corps se montre \u00e0 la lumi\u00e8re. En \u00e9tant vue, la personne peut\u00a0 reconna\u00eetre et int\u00e9grer de nouvelles parts d\u2019elle-m\u00eame. S\u2019en suivent une meilleure acceptation de soi et une sensation de plus grande globalit\u00e9. Lors des pratiques relationnelles, la personne peut prendre confiance en elle et assumer dans le rapport au monde, l&rsquo;\u00e9mergence de qui elle est, en temps r\u00e9el.La perception du mouvement interne dans la mati\u00e8re du corps, invite la personne \u00e0 rel\u00e2cher ses tensions, \u00e0 observer et accompagner avec bienveillance ses r\u00e9actions de stress. La pratique r\u00e9guli\u00e8re permet de retrouver un espace d&rsquo;accueil et de transformations des \u00e9motions, m\u00eame les plus profondes. Le sujet peut exprimer pleinement ses \u00e9tats d&rsquo;\u00e2me dans sa danse, mais \u00e9galement dans les mots qu\u2019il partage sur son exp\u00e9rience. La pratique r\u00e9guli\u00e8re d\u00e9veloppe la confiance en soi et \u00a0la reconnaissance de soi. Le sentiment d&rsquo;identit\u00e9 se renforce et peut se d\u00e9ployer pleinement. La personne red\u00e9couvre et assume le fil d&rsquo;Ariane de son existence.<\/p><\/div><\/div><ul><li><h2><span style=\"text-decoration: underline;\"><span class=\"color_20\">Une danse de l&rsquo;\u00eatre et une danse d\u2019incarnation<\/span><\/span><\/h2><\/li><\/ul><div id=\"comp-kqgk78fj\" class=\"_2Hij5 _3bcaz\" data-testid=\"richTextElement\"><div id=\"comp-ky5uqz4x\" class=\"_2Hij5 _3bcaz\" data-testid=\"richTextElement\"><p class=\"font_0\">La profondeur de la pratique conduit la personne vers la pr\u00e9sence \u00e0 l\u2019\u00catre au c\u0153ur de soi, dans l&rsquo;intimit\u00e9 du corps. L&rsquo;essence de la vie vient contacter notre expression, anime notre mouvement et s&rsquo;exprime dans notre geste. Dans la mani\u00e8re de faire le lien entre l\u2019exp\u00e9rience de la danse et la vie de chacun et de chacune, la danse du sensible permet de d\u00e9velopper le rapport \u00e0 soi dans son chemin de vie. Elle permet de prendre conscience de soi dans sa vie, dans le rapport au d\u00e9roulement de sa vie. La confiance fondamentale qui na\u00eet de la pratique permet \u00e0 la personne d&rsquo;\u00eatre en paix avec elle m\u00eame, confiante en elle et dans sa vie en temps r\u00e9el.<br \/>J&rsquo;anime des ateliers hebdomadaire de Danse du Sensible (voir l&rsquo;onglet atelier\/stage) et je vous propose \u00e9galement des s\u00e9ances d&rsquo;accompagnement individuel.<\/p><\/div><\/div>\t\t\t\t\t\t<\/div>\n\t\t\t\t<\/div>\n\t\t\t\t\t<\/div>\n\t\t<\/div>\n\t\t\t\t\t\t\t<\/div>\n\t\t<\/section>\n\t\t\t\t<section class=\"elementor-section elementor-top-section elementor-element elementor-element-b93f354 elementor-section-boxed elementor-section-height-default elementor-section-height-default\" data-id=\"b93f354\" data-element_type=\"section\">\n\t\t\t\t\t\t<div class=\"elementor-container elementor-column-gap-default\">\n\t\t\t\t\t<div class=\"elementor-column elementor-col-100 elementor-top-column elementor-element elementor-element-fe4316d\" data-id=\"fe4316d\" data-element_type=\"column\">\n\t\t\t<div class=\"elementor-widget-wrap elementor-element-populated\">\n\t\t\t\t\t\t\t\t<div class=\"elementor-element elementor-element-156b80f elementor-widget elementor-widget-heading\" data-id=\"156b80f\" data-element_type=\"widget\" data-widget_type=\"heading.default\">\n\t\t\t\t<div class=\"elementor-widget-container\">\n\t\t\t<style>\/*! elementor - v3.18.0 - 20-12-2023 *\/\n.elementor-heading-title{padding:0;margin:0;line-height:1}.elementor-widget-heading .elementor-heading-title[class*=elementor-size-]>a{color:inherit;font-size:inherit;line-height:inherit}.elementor-widget-heading .elementor-heading-title.elementor-size-small{font-size:15px}.elementor-widget-heading .elementor-heading-title.elementor-size-medium{font-size:19px}.elementor-widget-heading .elementor-heading-title.elementor-size-large{font-size:29px}.elementor-widget-heading .elementor-heading-title.elementor-size-xl{font-size:39px}.elementor-widget-heading .elementor-heading-title.elementor-size-xxl{font-size:59px}<\/style><h2 class=\"elementor-heading-title elementor-size-default\">Dates pour l'ann\u00e9e 2024 2025 :<br><br>Atelier bimensuel<br><br>Lundi 23 Septembre<br>Lundi 7 et 21 Octobre<br>Lundi 4 et 18 Novembre<br>Lundi 2 et 16 D\u00e9cembre<br>Lundi 13 et 27 Janvier<br>Lundi 24 F\u00e9vrier<br>Lundi 10 et 24 Mars<br>Lundi 7 Avril<br>Lundi 5 et 19 Mai<br>Lundi 2, 16, 30 Juin<br><br>Inscriptions et renseignements :<br>celinearandel@gmail.com<br>06 62 38 37 05<\/h2>\t\t<\/div>\n\t\t\t\t<\/div>\n\t\t\t\t\t<\/div>\n\t\t<\/div>\n\t\t\t\t\t\t\t<\/div>\n\t\t<\/section>\n\t\t\t\t\t\t\t<\/div>\n\t\t","protected":false},"excerpt":{"rendered":"<p>\u00a0 \u00a0 \u00a0 \u00a0 La Danse du Sensible a \u00e9t\u00e9 cr\u00e9e par Claire Laronde, danseuse et chor\u00e9graphe qui a su associer la danse, la p\u00e9dagogie perceptive et la communication non violente. \u00a0 La Danse du sensible peut se pratiquer en groupe, pour soi ou en accompagnement individuel. Elle se d\u00e9ploie par diff\u00e9rentes danses v\u00e9cues comme <a class=\"read-more\" href=\"https:\/\/presenceencorps.fr\/index.php\/danse-du-sensible\/\">Read More<\/a><\/p>\n","protected":false},"author":1,"featured_media":0,"parent":0,"menu_order":0,"comment_status":"closed","ping_status":"closed","template":"template-full-width.php","meta":{"footnotes":""},"class_list":["post-88","page","type-page","status-publish","hentry"],"yoast_head":"<!-- This site is optimized with the Yoast SEO plugin v21.7 - https:\/\/yoast.com\/wordpress\/plugins\/seo\/ -->\n<title>La danse du Sensible - C\u00e9line Arandel<\/title>\n<meta name=\"robots\" content=\"index, follow, max-snippet:-1, max-image-preview:large, max-video-preview:-1\" \/>\n<link rel=\"canonical\" href=\"https:\/\/presenceencorps.fr\/index.php\/danse-du-sensible\/\" \/>\n<meta property=\"og:locale\" content=\"fr_FR\" \/>\n<meta property=\"og:type\" content=\"article\" \/>\n<meta property=\"og:title\" content=\"La danse du Sensible - C\u00e9line Arandel\" \/>\n<meta property=\"og:description\" content=\"\u00a0 \u00a0 \u00a0 \u00a0 La Danse du Sensible a \u00e9t\u00e9 cr\u00e9e par Claire Laronde, danseuse et chor\u00e9graphe qui a su associer la danse, la p\u00e9dagogie perceptive et la communication non violente. \u00a0 La Danse du sensible peut se pratiquer en groupe, pour soi ou en accompagnement individuel. Elle se d\u00e9ploie par diff\u00e9rentes danses v\u00e9cues comme Read More\" \/>\n<meta property=\"og:url\" content=\"https:\/\/presenceencorps.fr\/index.php\/danse-du-sensible\/\" \/>\n<meta property=\"og:site_name\" content=\"C\u00e9line Arandel\" \/>\n<meta property=\"article:modified_time\" content=\"2024-10-23T09:01:36+00:00\" \/>\n<meta property=\"og:image\" content=\"http:\/\/presenk.cluster031.hosting.ovh.net\/wp-content\/uploads\/2022\/09\/arandel-fasciatherapie-Sensible-danse-Celine-1.jpg\" \/>\n<meta name=\"twitter:card\" content=\"summary_large_image\" \/>\n<meta name=\"twitter:label1\" content=\"Dur\u00e9e de lecture estim\u00e9e\" \/>\n\t<meta name=\"twitter:data1\" content=\"5 minutes\" \/>\n<script type=\"application\/ld+json\" class=\"yoast-schema-graph\">{\"@context\":\"https:\/\/schema.org\",\"@graph\":[{\"@type\":\"WebPage\",\"@id\":\"https:\/\/presenceencorps.fr\/index.php\/danse-du-sensible\/\",\"url\":\"https:\/\/presenceencorps.fr\/index.php\/danse-du-sensible\/\",\"name\":\"La danse du Sensible - C\u00e9line Arandel\",\"isPartOf\":{\"@id\":\"https:\/\/presenceencorps.fr\/#website\"},\"datePublished\":\"2022-09-01T00:34:03+00:00\",\"dateModified\":\"2024-10-23T09:01:36+00:00\",\"breadcrumb\":{\"@id\":\"https:\/\/presenceencorps.fr\/index.php\/danse-du-sensible\/#breadcrumb\"},\"inLanguage\":\"fr-FR\",\"potentialAction\":[{\"@type\":\"ReadAction\",\"target\":[\"https:\/\/presenceencorps.fr\/index.php\/danse-du-sensible\/\"]}]},{\"@type\":\"BreadcrumbList\",\"@id\":\"https:\/\/presenceencorps.fr\/index.php\/danse-du-sensible\/#breadcrumb\",\"itemListElement\":[{\"@type\":\"ListItem\",\"position\":1,\"name\":\"Accueil\",\"item\":\"https:\/\/presenceencorps.fr\/\"},{\"@type\":\"ListItem\",\"position\":2,\"name\":\"La danse du Sensible\"}]},{\"@type\":\"WebSite\",\"@id\":\"https:\/\/presenceencorps.fr\/#website\",\"url\":\"https:\/\/presenceencorps.fr\/\",\"name\":\"C\u00e9line Arandel\",\"description\":\"Fasciath\u00e9rapeute, Coaching de vie, Danse du Sensible, Accompagnement \u00e0 la f\u00e9minit\u00e9 et \u00e0 l&#039;expressivit\u00e9\",\"potentialAction\":[{\"@type\":\"SearchAction\",\"target\":{\"@type\":\"EntryPoint\",\"urlTemplate\":\"https:\/\/presenceencorps.fr\/?s={search_term_string}\"},\"query-input\":\"required name=search_term_string\"}],\"inLanguage\":\"fr-FR\"}]}<\/script>\n<!-- \/ Yoast SEO plugin. -->","yoast_head_json":{"title":"La danse du Sensible - C\u00e9line Arandel","robots":{"index":"index","follow":"follow","max-snippet":"max-snippet:-1","max-image-preview":"max-image-preview:large","max-video-preview":"max-video-preview:-1"},"canonical":"https:\/\/presenceencorps.fr\/index.php\/danse-du-sensible\/","og_locale":"fr_FR","og_type":"article","og_title":"La danse du Sensible - C\u00e9line Arandel","og_description":"\u00a0 \u00a0 \u00a0 \u00a0 La Danse du Sensible a \u00e9t\u00e9 cr\u00e9e par Claire Laronde, danseuse et chor\u00e9graphe qui a su associer la danse, la p\u00e9dagogie perceptive et la communication non violente. \u00a0 La Danse du sensible peut se pratiquer en groupe, pour soi ou en accompagnement individuel. Elle se d\u00e9ploie par diff\u00e9rentes danses v\u00e9cues comme Read More","og_url":"https:\/\/presenceencorps.fr\/index.php\/danse-du-sensible\/","og_site_name":"C\u00e9line Arandel","article_modified_time":"2024-10-23T09:01:36+00:00","og_image":[{"url":"http:\/\/presenk.cluster031.hosting.ovh.net\/wp-content\/uploads\/2022\/09\/arandel-fasciatherapie-Sensible-danse-Celine-1.jpg"}],"twitter_card":"summary_large_image","twitter_misc":{"Dur\u00e9e de lecture estim\u00e9e":"5 minutes"},"schema":{"@context":"https:\/\/schema.org","@graph":[{"@type":"WebPage","@id":"https:\/\/presenceencorps.fr\/index.php\/danse-du-sensible\/","url":"https:\/\/presenceencorps.fr\/index.php\/danse-du-sensible\/","name":"La danse du Sensible - C\u00e9line Arandel","isPartOf":{"@id":"https:\/\/presenceencorps.fr\/#website"},"datePublished":"2022-09-01T00:34:03+00:00","dateModified":"2024-10-23T09:01:36+00:00","breadcrumb":{"@id":"https:\/\/presenceencorps.fr\/index.php\/danse-du-sensible\/#breadcrumb"},"inLanguage":"fr-FR","potentialAction":[{"@type":"ReadAction","target":["https:\/\/presenceencorps.fr\/index.php\/danse-du-sensible\/"]}]},{"@type":"BreadcrumbList","@id":"https:\/\/presenceencorps.fr\/index.php\/danse-du-sensible\/#breadcrumb","itemListElement":[{"@type":"ListItem","position":1,"name":"Accueil","item":"https:\/\/presenceencorps.fr\/"},{"@type":"ListItem","position":2,"name":"La danse du Sensible"}]},{"@type":"WebSite","@id":"https:\/\/presenceencorps.fr\/#website","url":"https:\/\/presenceencorps.fr\/","name":"C\u00e9line Arandel","description":"Fasciath\u00e9rapeute, Coaching de vie, Danse du Sensible, Accompagnement \u00e0 la f\u00e9minit\u00e9 et \u00e0 l&#039;expressivit\u00e9","potentialAction":[{"@type":"SearchAction","target":{"@type":"EntryPoint","urlTemplate":"https:\/\/presenceencorps.fr\/?s={search_term_string}"},"query-input":"required name=search_term_string"}],"inLanguage":"fr-FR"}]}},"_links":{"self":[{"href":"https:\/\/presenceencorps.fr\/index.php\/wp-json\/wp\/v2\/pages\/88","targetHints":{"allow":["GET"]}}],"collection":[{"href":"https:\/\/presenceencorps.fr\/index.php\/wp-json\/wp\/v2\/pages"}],"about":[{"href":"https:\/\/presenceencorps.fr\/index.php\/wp-json\/wp\/v2\/types\/page"}],"author":[{"embeddable":true,"href":"https:\/\/presenceencorps.fr\/index.php\/wp-json\/wp\/v2\/users\/1"}],"replies":[{"embeddable":true,"href":"https:\/\/presenceencorps.fr\/index.php\/wp-json\/wp\/v2\/comments?post=88"}],"version-history":[{"count":50,"href":"https:\/\/presenceencorps.fr\/index.php\/wp-json\/wp\/v2\/pages\/88\/revisions"}],"predecessor-version":[{"id":614,"href":"https:\/\/presenceencorps.fr\/index.php\/wp-json\/wp\/v2\/pages\/88\/revisions\/614"}],"wp:attachment":[{"href":"https:\/\/presenceencorps.fr\/index.php\/wp-json\/wp\/v2\/media?parent=88"}],"curies":[{"name":"wp","href":"https:\/\/api.w.org\/{rel}","templated":true}]}}